{"id":3823,"date":"2022-04-19T10:45:43","date_gmt":"2022-04-19T07:45:43","guid":{"rendered":"https:\/\/ikonideea.ro\/thank-you\/"},"modified":"2022-06-07T14:41:25","modified_gmt":"2022-06-07T11:41:25","slug":"thank-you","status":"publish","type":"page","link":"https:\/\/ikonideea.ro\/ro\/contact\/thank-you\/","title":{"rendered":"Thank you"},"content":{"rendered":"\t\t<div data-elementor-type=\"wp-page\" data-elementor-id=\"3823\" class=\"elementor elementor-3823 elementor-3307\">\n\t\t\t\t\t\t\t\t\t<section class=\"elementor-section elementor-top-section elementor-element elementor-element-58c7137 elementor-section-content-top project-title elementor-section-boxed elementor-section-height-default elementor-section-height-default\" data-id=\"58c7137\" data-element_type=\"section\">\n\t\t\t\t\t\t<div class=\"elementor-container elementor-column-gap-default\">\n\t\t\t\t\t<div class=\"elementor-column elementor-col-100 elementor-top-column elementor-element elementor-element-23fc4ed\" data-id=\"23fc4ed\" data-element_type=\"column\">\n\t\t\t<div class=\"elementor-widget-wrap elementor-element-populated\">\n\t\t\t\t\t\t\t\t<div class=\"elementor-element elementor-element-b0c9479 elementor-widget elementor-widget-heading\" data-id=\"b0c9479\" data-element_type=\"widget\" data-widget_type=\"heading.default\">\n\t\t\t\t<div class=\"elementor-widget-container\">\n\t\t\t<style>\/*! elementor - v3.8.0 - 30-10-2022 *\/\n.elementor-heading-title{padding:0;margin:0;line-height:1}.elementor-widget-heading .elementor-heading-title[class*=elementor-size-]>a{color:inherit;font-size:inherit;line-height:inherit}.elementor-widget-heading .elementor-heading-title.elementor-size-small{font-size:15px}.elementor-widget-heading .elementor-heading-title.elementor-size-medium{font-size:19px}.elementor-widget-heading .elementor-heading-title.elementor-size-large{font-size:29px}.elementor-widget-heading .elementor-heading-title.elementor-size-xl{font-size:39px}.elementor-widget-heading .elementor-heading-title.elementor-size-xxl{font-size:59px}<\/style><h2 class=\"elementor-heading-title elementor-size-default\">\u00ce\u021bi mul\u021bumim c\u0103 ne-ai contactat! <\/h2>\t\t<\/div>\n\t\t\t\t<\/div>\n\t\t\t\t<div class=\"elementor-element elementor-element-9ca0697 elementor-widget elementor-widget-heading\" data-id=\"9ca0697\" data-element_type=\"widget\" data-widget_type=\"heading.default\">\n\t\t\t\t<div class=\"elementor-widget-container\">\n\t\t\t<h2 class=\"elementor-heading-title elementor-size-default\">Vom reveni cu un r\u0103spuns c\u00e2t mai cur\u00e2nd posibil pentru a \u00eencepe s\u0103 construim un parteneriat de succes.<\/h2>\t\t<\/div>\n\t\t\t\t<\/div>\n\t\t\t\t\t<\/div>\n\t\t<\/div>\n\t\t\t\t\t\t\t<\/div>\n\t\t<\/section>\n\t\t\t\t\t\t\t<\/div>\n\t\t","protected":false},"excerpt":{"rendered":"<p>\u00ce\u021bi mul\u021bumim c\u0103 ne-ai contactat! Vom reveni cu un r\u0103spuns c\u00e2t mai cur\u00e2nd posibil pentru a \u00eencepe s\u0103 construim un parteneriat de succes.<\/p>\n","protected":false},"author":1,"featured_media":0,"parent":3824,"menu_order":0,"comment_status":"closed","ping_status":"closed","template":"","meta":{"footnotes":""},"class_list":["post-3823","page","type-page","status-publish","hentry"],"acf":[],"yoast_head":"<!-- This site is optimized with the Yoast SEO plugin v19.9 - https:\/\/yoast.com\/wordpress\/plugins\/seo\/ -->\n<title>Thank you - Ikon Ideea<\/title>\n<meta name=\"robots\" content=\"index, follow, max-snippet:-1, max-image-preview:large, max-video-preview:-1\" \/>\n<link rel=\"canonical\" href=\"https:\/\/ikonideea.ro\/ro\/contact\/thank-you\/\" \/>\n<meta property=\"og:locale\" content=\"ro_RO\" \/>\n<meta property=\"og:type\" content=\"article\" \/>\n<meta property=\"og:title\" content=\"Thank you - Ikon Ideea\" \/>\n<meta property=\"og:description\" content=\"\u00ce\u021bi mul\u021bumim c\u0103 ne-ai contactat! Vom reveni cu un r\u0103spuns c\u00e2t mai cur\u00e2nd posibil pentru a \u00eencepe s\u0103 construim un parteneriat de succes.\" \/>\n<meta property=\"og:url\" content=\"https:\/\/ikonideea.ro\/ro\/contact\/thank-you\/\" \/>\n<meta property=\"og:site_name\" content=\"Ikon Ideea\" \/>\n<meta property=\"article:modified_time\" content=\"2022-06-07T11:41:25+00:00\" \/>\n<meta name=\"twitter:card\" content=\"summary_large_image\" \/>\n<meta name=\"twitter:label1\" content=\"Timp estimat pentru citire\" \/>\n\t<meta name=\"twitter:data1\" content=\"1 minut\" \/>\n<script type=\"application\/ld+json\" class=\"yoast-schema-graph\">{\"@context\":\"https:\/\/schema.org\",\"@graph\":[{\"@type\":\"WebPage\",\"@id\":\"https:\/\/ikonideea.ro\/ro\/contact\/thank-you\/\",\"url\":\"https:\/\/ikonideea.ro\/ro\/contact\/thank-you\/\",\"name\":\"Thank you - Ikon Ideea\",\"isPartOf\":{\"@id\":\"https:\/\/ikonideea.ro\/ro\/#website\"},\"datePublished\":\"2022-04-19T07:45:43+00:00\",\"dateModified\":\"2022-06-07T11:41:25+00:00\",\"breadcrumb\":{\"@id\":\"https:\/\/ikonideea.ro\/ro\/contact\/thank-you\/#breadcrumb\"},\"inLanguage\":\"ro-RO\",\"potentialAction\":[{\"@type\":\"ReadAction\",\"target\":[\"https:\/\/ikonideea.ro\/ro\/contact\/thank-you\/\"]}]},{\"@type\":\"BreadcrumbList\",\"@id\":\"https:\/\/ikonideea.ro\/ro\/contact\/thank-you\/#breadcrumb\",\"itemListElement\":[{\"@type\":\"ListItem\",\"position\":1,\"name\":\"Home\",\"item\":\"https:\/\/ikonideea.ro\/ro\/acasa\/\"},{\"@type\":\"ListItem\",\"position\":2,\"name\":\"Contact\",\"item\":\"https:\/\/ikonideea.ro\/ro\/contact\/\"},{\"@type\":\"ListItem\",\"position\":3,\"name\":\"Thank you\"}]},{\"@type\":\"WebSite\",\"@id\":\"https:\/\/ikonideea.ro\/ro\/#website\",\"url\":\"https:\/\/ikonideea.ro\/ro\/\",\"name\":\"Ikon Ideea\",\"description\":\"Ikon Ideea\",\"publisher\":{\"@id\":\"https:\/\/ikonideea.ro\/ro\/#organization\"},\"potentialAction\":[{\"@type\":\"SearchAction\",\"target\":{\"@type\":\"EntryPoint\",\"urlTemplate\":\"https:\/\/ikonideea.ro\/ro\/?s={search_term_string}\"},\"query-input\":\"required name=search_term_string\"}],\"inLanguage\":\"ro-RO\"},{\"@type\":\"Organization\",\"@id\":\"https:\/\/ikonideea.ro\/ro\/#organization\",\"name\":\"Ikon Ideea\",\"url\":\"https:\/\/ikonideea.ro\/ro\/\",\"logo\":{\"@type\":\"ImageObject\",\"inLanguage\":\"ro-RO\",\"@id\":\"https:\/\/ikonideea.ro\/ro\/#\/schema\/logo\/image\/\",\"url\":\"https:\/\/ikonideea.ro\/wp-content\/uploads\/2022\/01\/logo_ikon.svg\",\"contentUrl\":\"https:\/\/ikonideea.ro\/wp-content\/uploads\/2022\/01\/logo_ikon.svg\",\"width\":122,\"height\":33,\"caption\":\"Ikon Ideea\"},\"image\":{\"@id\":\"https:\/\/ikonideea.ro\/ro\/#\/schema\/logo\/image\/\"}}]}<\/script>\n<!-- \/ Yoast SEO plugin. -->","yoast_head_json":{"title":"Thank you - Ikon Ideea","robots":{"index":"index","follow":"follow","max-snippet":"max-snippet:-1","max-image-preview":"max-image-preview:large","max-video-preview":"max-video-preview:-1"},"canonical":"https:\/\/ikonideea.ro\/ro\/contact\/thank-you\/","og_locale":"ro_RO","og_type":"article","og_title":"Thank you - Ikon Ideea","og_description":"\u00ce\u021bi mul\u021bumim c\u0103 ne-ai contactat! Vom reveni cu un r\u0103spuns c\u00e2t mai cur\u00e2nd posibil pentru a \u00eencepe s\u0103 construim un parteneriat de succes.","og_url":"https:\/\/ikonideea.ro\/ro\/contact\/thank-you\/","og_site_name":"Ikon Ideea","article_modified_time":"2022-06-07T11:41:25+00:00","twitter_card":"summary_large_image","twitter_misc":{"Timp estimat pentru citire":"1 minut"},"schema":{"@context":"https:\/\/schema.org","@graph":[{"@type":"WebPage","@id":"https:\/\/ikonideea.ro\/ro\/contact\/thank-you\/","url":"https:\/\/ikonideea.ro\/ro\/contact\/thank-you\/","name":"Thank you - Ikon Ideea","isPartOf":{"@id":"https:\/\/ikonideea.ro\/ro\/#website"},"datePublished":"2022-04-19T07:45:43+00:00","dateModified":"2022-06-07T11:41:25+00:00","breadcrumb":{"@id":"https:\/\/ikonideea.ro\/ro\/contact\/thank-you\/#breadcrumb"},"inLanguage":"ro-RO","potentialAction":[{"@type":"ReadAction","target":["https:\/\/ikonideea.ro\/ro\/contact\/thank-you\/"]}]},{"@type":"BreadcrumbList","@id":"https:\/\/ikonideea.ro\/ro\/contact\/thank-you\/#breadcrumb","itemListElement":[{"@type":"ListItem","position":1,"name":"Home","item":"https:\/\/ikonideea.ro\/ro\/acasa\/"},{"@type":"ListItem","position":2,"name":"Contact","item":"https:\/\/ikonideea.ro\/ro\/contact\/"},{"@type":"ListItem","position":3,"name":"Thank you"}]},{"@type":"WebSite","@id":"https:\/\/ikonideea.ro\/ro\/#website","url":"https:\/\/ikonideea.ro\/ro\/","name":"Ikon Ideea","description":"Ikon Ideea","publisher":{"@id":"https:\/\/ikonideea.ro\/ro\/#organization"},"potentialAction":[{"@type":"SearchAction","target":{"@type":"EntryPoint","urlTemplate":"https:\/\/ikonideea.ro\/ro\/?s={search_term_string}"},"query-input":"required name=search_term_string"}],"inLanguage":"ro-RO"},{"@type":"Organization","@id":"https:\/\/ikonideea.ro\/ro\/#organization","name":"Ikon Ideea","url":"https:\/\/ikonideea.ro\/ro\/","logo":{"@type":"ImageObject","inLanguage":"ro-RO","@id":"https:\/\/ikonideea.ro\/ro\/#\/schema\/logo\/image\/","url":"https:\/\/ikonideea.ro\/wp-content\/uploads\/2022\/01\/logo_ikon.svg","contentUrl":"https:\/\/ikonideea.ro\/wp-content\/uploads\/2022\/01\/logo_ikon.svg","width":122,"height":33,"caption":"Ikon Ideea"},"image":{"@id":"https:\/\/ikonideea.ro\/ro\/#\/schema\/logo\/image\/"}}]}},"_links":{"self":[{"href":"https:\/\/ikonideea.ro\/ro\/wp-json\/wp\/v2\/pages\/3823","targetHints":{"allow":["GET"]}}],"collection":[{"href":"https:\/\/ikonideea.ro\/ro\/wp-json\/wp\/v2\/pages"}],"about":[{"href":"https:\/\/ikonideea.ro\/ro\/wp-json\/wp\/v2\/types\/page"}],"author":[{"embeddable":true,"href":"https:\/\/ikonideea.ro\/ro\/wp-json\/wp\/v2\/users\/1"}],"replies":[{"embeddable":true,"href":"https:\/\/ikonideea.ro\/ro\/wp-json\/wp\/v2\/comments?post=3823"}],"version-history":[{"count":2,"href":"https:\/\/ikonideea.ro\/ro\/wp-json\/wp\/v2\/pages\/3823\/revisions"}],"predecessor-version":[{"id":4091,"href":"https:\/\/ikonideea.ro\/ro\/wp-json\/wp\/v2\/pages\/3823\/revisions\/4091"}],"up":[{"embeddable":true,"href":"https:\/\/ikonideea.ro\/ro\/wp-json\/wp\/v2\/pages\/3824"}],"wp:attachment":[{"href":"https:\/\/ikonideea.ro\/ro\/wp-json\/wp\/v2\/media?parent=3823"}],"curies":[{"name":"wp","href":"https:\/\/api.w.org\/{rel}","templated":true}]}}